{"id":140,"date":"2021-12-23T12:14:58","date_gmt":"2021-12-23T15:14:58","guid":{"rendered":"https:\/\/demosites.royal-elementor-addons.com\/nature-v1\/?page_id=140"},"modified":"2024-04-26T16:52:42","modified_gmt":"2024-04-26T19:52:42","slug":"about-us","status":"publish","type":"page","link":"https:\/\/nihontour.com.br\/index.php\/about-us\/","title":{"rendered":"About Us"},"content":{"rendered":"\t\t<div data-elementor-type=\"wp-page\" data-elementor-id=\"140\" class=\"elementor elementor-140\" data-elementor-settings=\"{&quot;ha_cmc_init_switcher&quot;:&quot;no&quot;}\" data-elementor-post-type=\"page\">\n\t\t\t\t\t\t<section class=\"elementor-section elementor-top-section elementor-element elementor-element-a60c1ce elementor-section-boxed elementor-section-height-default elementor-section-height-default wpr-particle-no wpr-jarallax-no wpr-parallax-no wpr-sticky-section-no wpr-column-slider-no wpr-equal-height-no\" data-id=\"a60c1ce\" data-element_type=\"section\" data-settings=\"{&quot;background_background&quot;:&quot;classic&quot;,&quot;_ha_eqh_enable&quot;:false}\">\n\t\t\t\t\t\t\t<div class=\"elementor-background-overlay\"><\/div>\n\t\t\t\t\t\t\t<div class=\"elementor-container elementor-column-gap-default\">\n\t\t\t\t\t<div class=\"elementor-column elementor-col-100 elementor-top-column elementor-element elementor-element-c0a5566\" data-id=\"c0a5566\" data-element_type=\"column\">\n\t\t\t<div class=\"elementor-widget-wrap elementor-element-populated\">\n\t\t\t\t\t\t<div class=\"elementor-element elementor-element-d29922a elementor-widget elementor-widget-heading\" data-id=\"d29922a\" data-element_type=\"widget\" data-widget_type=\"heading.default\">\n\t\t\t\t<div class=\"elementor-widget-container\">\n\t\t\t\t\t<h2 class=\"elementor-heading-title elementor-size-default\">Sobre N\u00f3s<\/h2>\t\t\t\t<\/div>\n\t\t\t\t<\/div>\n\t\t\t\t\t<\/div>\n\t\t<\/div>\n\t\t\t\t\t<\/div>\n\t\t<\/section>\n\t\t\t\t<section class=\"elementor-section elementor-top-section elementor-element elementor-element-04f0b8d elementor-section-boxed elementor-section-height-default elementor-section-height-default wpr-particle-no wpr-jarallax-no wpr-parallax-no wpr-sticky-section-no wpr-column-slider-no wpr-equal-height-no\" data-id=\"04f0b8d\" data-element_type=\"section\" data-settings=\"{&quot;_ha_eqh_enable&quot;:false}\">\n\t\t\t\t\t\t<div class=\"elementor-container elementor-column-gap-default\">\n\t\t\t\t\t<div class=\"elementor-column elementor-col-50 elementor-top-column elementor-element elementor-element-cef4a1b\" data-id=\"cef4a1b\" data-element_type=\"column\">\n\t\t\t<div class=\"elementor-widget-wrap elementor-element-populated\">\n\t\t\t\t\t\t<div class=\"elementor-element elementor-element-9f3a88a elementor-widget elementor-widget-heading\" data-id=\"9f3a88a\" data-element_type=\"widget\" data-widget_type=\"heading.default\">\n\t\t\t\t<div class=\"elementor-widget-container\">\n\t\t\t\t\t<h2 class=\"elementor-heading-title elementor-size-default\">Nihon Tour<\/h2>\t\t\t\t<\/div>\n\t\t\t\t<\/div>\n\t\t\t\t<div class=\"elementor-element elementor-element-0bed6cb elementor-widget-divider--view-line elementor-widget elementor-widget-divider\" data-id=\"0bed6cb\" data-element_type=\"widget\" data-widget_type=\"divider.default\">\n\t\t\t\t<div class=\"elementor-widget-container\">\n\t\t\t\t\t\t\t<div class=\"elementor-divider\">\n\t\t\t<span class=\"elementor-divider-separator\">\n\t\t\t\t\t\t<\/span>\n\t\t<\/div>\n\t\t\t\t\t\t<\/div>\n\t\t\t\t<\/div>\n\t\t\t\t<div class=\"elementor-element elementor-element-48ecc7b elementor-widget elementor-widget-text-editor\" data-id=\"48ecc7b\" data-element_type=\"widget\" data-widget_type=\"text-editor.default\">\n\t\t\t\t<div class=\"elementor-widget-container\">\n\t\t\t\t\t\t\t\t\t<p>Unimos a experi\u00eancia de 20 anos no mercado de turismo com a experi\u00eancia de viagens feitas pelo mundo com o passaporte recheados de carimbos. A nossa parceria vai levar voc\u00ea para conhecer o mundo, come\u00e7ando por um dos pa\u00edses mais harmoniosos: o Jap\u00e3o!<br \/><br \/>Vamos sacudir o mundo com o nosso grupo e colecionar mem\u00f3rias, momentos incr\u00edveis e experi\u00eancia e com cen\u00e1rios incr\u00edveis.<\/p>\t\t\t\t\t\t\t\t<\/div>\n\t\t\t\t<\/div>\n\t\t\t\t\t<\/div>\n\t\t<\/div>\n\t\t\t\t<div class=\"elementor-column elementor-col-50 elementor-top-column elementor-element elementor-element-fb1af17\" data-id=\"fb1af17\" data-element_type=\"column\">\n\t\t\t<div class=\"elementor-widget-wrap elementor-element-populated\">\n\t\t\t\t\t\t<div class=\"elementor-element elementor-element-84c2e06 elementor-widget elementor-widget-image\" data-id=\"84c2e06\" data-element_type=\"widget\" data-widget_type=\"image.default\">\n\t\t\t\t<div class=\"elementor-widget-container\">\n\t\t\t\t\t\t\t\t\t\t\t\t\t\t\t<img fetchpriority=\"high\" decoding=\"async\" width=\"960\" height=\"960\" src=\"https:\/\/nihontour.com.br\/wp-content\/uploads\/2024\/03\/NIHON-LOGOS_Prancheta-1-12.png\" class=\"attachment-large size-large wp-image-886\" alt=\"\" \/>\t\t\t\t\t\t\t\t\t\t\t\t\t\t\t<\/div>\n\t\t\t\t<\/div>\n\t\t\t\t\t<\/div>\n\t\t<\/div>\n\t\t\t\t\t<\/div>\n\t\t<\/section>\n\t\t\t\t<section class=\"elementor-section elementor-top-section elementor-element elementor-element-dccb43f elementor-section-boxed elementor-section-height-default elementor-section-height-default wpr-particle-no wpr-jarallax-no wpr-parallax-no wpr-sticky-section-no wpr-column-slider-no wpr-equal-height-no\" data-id=\"dccb43f\" data-element_type=\"section\" data-settings=\"{&quot;_ha_eqh_enable&quot;:false}\">\n\t\t\t\t\t\t<div class=\"elementor-container elementor-column-gap-default\">\n\t\t\t\t\t<div class=\"elementor-column elementor-col-50 elementor-top-column elementor-element elementor-element-1a9ef53\" data-id=\"1a9ef53\" data-element_type=\"column\">\n\t\t\t<div class=\"elementor-widget-wrap elementor-element-populated\">\n\t\t\t\t\t\t<div class=\"elementor-element elementor-element-2a0e0fd elementor-widget elementor-widget-heading\" data-id=\"2a0e0fd\" data-element_type=\"widget\" data-widget_type=\"heading.default\">\n\t\t\t\t<div class=\"elementor-widget-container\">\n\t\t\t\t\t<h2 class=\"elementor-heading-title elementor-size-default\">A hist\u00f3ria por tr\u00e1s da marca<\/h2>\t\t\t\t<\/div>\n\t\t\t\t<\/div>\n\t\t\t\t<div class=\"elementor-element elementor-element-d72907c elementor-widget-divider--view-line elementor-widget elementor-widget-divider\" data-id=\"d72907c\" data-element_type=\"widget\" data-widget_type=\"divider.default\">\n\t\t\t\t<div class=\"elementor-widget-container\">\n\t\t\t\t\t\t\t<div class=\"elementor-divider\">\n\t\t\t<span class=\"elementor-divider-separator\">\n\t\t\t\t\t\t<\/span>\n\t\t<\/div>\n\t\t\t\t\t\t<\/div>\n\t\t\t\t<\/div>\n\t\t\t\t<div class=\"elementor-element elementor-element-410b057 elementor-widget elementor-widget-text-editor\" data-id=\"410b057\" data-element_type=\"widget\" data-widget_type=\"text-editor.default\">\n\t\t\t\t<div class=\"elementor-widget-container\">\n\t\t\t\t\t\t\t\t\t<p><span>Tudo come\u00e7ou com a vis\u00e3o apaixonada de duas amigas, Rosa Maria Nava e Micheli Sobral.<\/span><br \/><br \/><span>Inspiradas por suas pr\u00f3prias experi\u00eancias, decidiram unir for\u00e7as e fundar a Nihon Tour, uma ag\u00eancia de viagens dedicada a compartilhar a magia e a beleza desse fascinante destino.<\/span><br \/><br \/><span>A identidade visual da Nihon Tour \u00e9 um reflexo v\u00edvido dessa paix\u00e3o compartilhada.<\/span><br \/><br \/><span>Cada detalhe foi cuidadosamente escolhido para transmitir a ess\u00eancia japonesa.<\/span><br \/><br \/><span>Essa marca n\u00e3o \u00e9 apenas uma representa\u00e7\u00e3o visual; \u00e9 um convite para embarcar em uma jornada que transcende fronteiras e enriquece a alma\u201d. (Will)<\/span><br \/><br \/><span>Foi com esse carinho que\u00a0<\/span><a class=\"x1i10hfl xjbqb8w x1ejq31n xd10rxx x1sy0etr x17r0tee x972fbf xcfux6l x1qhh985 xm0m39n x9f619 x1ypdohk xt0psk2 xe8uvvx xdj266r x11i5rnm xat24cr x1mh8g0r xexx8yu x4uap5 x18d9i69 xkhd6sd x16tdsg8 x1hl2dhg xggy1nq x1a2a7pz notranslate _a6hd\" tabindex=\"0\" role=\"link\" href=\"https:\/\/www.instagram.com\/willmidia_\/\">@willmidia_<\/a><span>\u00a0ajudou neste passo importante para a Nihon Tour.<\/span><br \/><br \/><span>Agradecemos aos colaboradores e aos nossos viajantes que ajudam a fazer dessa jornada uma viagem muito linda pelo Jap\u00e3o.<\/span><br \/><br \/><span>Esperamos que continuem conosco nesse novo cap\u00edtulo emocionante.<\/span><br \/><br \/><span>Bem vindos \u00e0 Nihon Tour!<\/span><\/p>\t\t\t\t\t\t\t\t<\/div>\n\t\t\t\t<\/div>\n\t\t\t\t\t<\/div>\n\t\t<\/div>\n\t\t\t\t<div class=\"elementor-column elementor-col-50 elementor-top-column elementor-element elementor-element-a6cc5ec\" data-id=\"a6cc5ec\" data-element_type=\"column\">\n\t\t\t<div class=\"elementor-widget-wrap elementor-element-populated\">\n\t\t\t\t\t\t<div class=\"elementor-element elementor-element-33c217b elementor-widget elementor-widget-image\" data-id=\"33c217b\" data-element_type=\"widget\" data-widget_type=\"image.default\">\n\t\t\t\t<div class=\"elementor-widget-container\">\n\t\t\t\t\t\t\t\t\t\t\t\t\t\t\t<img decoding=\"async\" width=\"595\" height=\"595\" src=\"https:\/\/nihontour.com.br\/wp-content\/uploads\/2024\/03\/NIHON-LOGOS-2.png\" class=\"attachment-large size-large wp-image-885\" alt=\"\" \/>\t\t\t\t\t\t\t\t\t\t\t\t\t\t\t<\/div>\n\t\t\t\t<\/div>\n\t\t\t\t\t<\/div>\n\t\t<\/div>\n\t\t\t\t\t<\/div>\n\t\t<\/section>\n\t\t\t\t<\/div>\n\t\t","protected":false},"excerpt":{"rendered":"<p>Sobre N\u00f3s Nihon Tour Unimos a experi\u00eancia de 20 anos no mercado de turismo com a experi\u00eancia de viagens feitas pelo mundo com o passaporte recheados de carimbos. A nossa parceria vai levar voc\u00ea para conhecer o mundo, come\u00e7ando por um dos pa\u00edses mais harmoniosos: o Jap\u00e3o! Vamos sacudir o mundo com o nosso grupo e colecionar mem\u00f3rias, momentos incr\u00edveis e experi\u00eancia e com cen\u00e1rios incr\u00edveis. A hist\u00f3ria por tr\u00e1s da marca Tudo come\u00e7ou com a vis\u00e3o apaixonada de duas amigas, Rosa Maria Nava e Micheli Sobral. Inspiradas por suas pr\u00f3prias experi\u00eancias, decidiram unir for\u00e7as e fundar a Nihon Tour, uma ag\u00eancia de viagens dedicada a compartilhar a magia e a beleza desse fascinante destino. A identidade visual da Nihon Tour \u00e9 um reflexo v\u00edvido dessa paix\u00e3o compartilhada. Cada detalhe foi cuidadosamente escolhido para transmitir a ess\u00eancia japonesa. Essa marca n\u00e3o \u00e9 apenas uma representa\u00e7\u00e3o visual; \u00e9 um convite para embarcar em uma jornada que transcende fronteiras e enriquece a alma\u201d. (Will) Foi com esse carinho que\u00a0@willmidia_\u00a0ajudou neste passo importante para a Nihon Tour. Agradecemos aos colaboradores e aos nossos viajantes que ajudam a fazer dessa jornada uma viagem muito linda pelo Jap\u00e3o. Esperamos que continuem conosco nesse novo cap\u00edtulo emocionante. Bem vindos \u00e0 Nihon Tour!<\/p>\n","protected":false},"author":1,"featured_media":0,"parent":0,"menu_order":0,"comment_status":"closed","ping_status":"closed","template":"elementor_canvas","meta":{"footnotes":""},"_links":{"self":[{"href":"https:\/\/nihontour.com.br\/index.php\/wp-json\/wp\/v2\/pages\/140"}],"collection":[{"href":"https:\/\/nihontour.com.br\/index.php\/wp-json\/wp\/v2\/pages"}],"about":[{"href":"https:\/\/nihontour.com.br\/index.php\/wp-json\/wp\/v2\/types\/page"}],"author":[{"embeddable":true,"href":"https:\/\/nihontour.com.br\/index.php\/wp-json\/wp\/v2\/users\/1"}],"replies":[{"embeddable":true,"href":"https:\/\/nihontour.com.br\/index.php\/wp-json\/wp\/v2\/comments?post=140"}],"version-history":[{"count":6,"href":"https:\/\/nihontour.com.br\/index.php\/wp-json\/wp\/v2\/pages\/140\/revisions"}],"predecessor-version":[{"id":1019,"href":"https:\/\/nihontour.com.br\/index.php\/wp-json\/wp\/v2\/pages\/140\/revisions\/1019"}],"wp:attachment":[{"href":"https:\/\/nihontour.com.br\/index.php\/wp-json\/wp\/v2\/media?parent=140"}],"curies":[{"name":"wp","href":"https:\/\/api.w.org\/{rel}","templated":true}]}}